{"id":134,"date":"2024-10-01T15:14:28","date_gmt":"2024-10-01T15:14:28","guid":{"rendered":"https:\/\/sveabevakningstjanst.se\/?page_id=134"},"modified":"2024-10-01T15:14:28","modified_gmt":"2024-10-01T15:14:28","slug":"kamerabevakning","status":"publish","type":"page","link":"https:\/\/sveabevakningstjanst.se\/?page_id=134","title":{"rendered":"Kamerabevakning"},"content":{"rendered":"\n<div class=\"wp-block-columns alignwide is-layout-flex wp-container-core-columns-is-layout-28f84493 wp-block-columns-is-layout-flex\">\n<div class=\"wp-block-column is-layout-flow wp-block-column-is-layout-flow\"><\/div>\n\n\n\n<div class=\"wp-block-column is-layout-flow wp-block-column-is-layout-flow\">\n<h3 class=\"wp-block-heading\">Trygghet och kontroll med smarta l\u00f6sningar<\/h3>\n\n\n\n<p>Vi p\u00e5 Sveabevakningstj\u00e4nst s\u00e4tter din s\u00e4kerhet i f\u00f6rsta hand. D\u00e4rf\u00f6r erbjuder vi \u00f6vervakningskameror fr\u00e5n Provision ISR, en p\u00e5litlig leverant\u00f6r av s\u00e4kerhetsteknik.<\/p>\n\n\n\n<p>Vi hj\u00e4lper dig att hitta r\u00e4tt l\u00f6sning, oavsett om du beh\u00f6ver skydda ditt hem eller f\u00f6retag. V\u00e5ra tekniker installerar snabbt och smidigt, s\u00e5 att du alltid har full kontroll.<\/p>\n\n\n\n<p>F\u00f6r att komplettera din s\u00e4kerhet kan vi ocks\u00e5 erbjuda professionella larm fr\u00e5n <strong>Teletec<\/strong>, en av Nordens st\u00f6rsta leverant\u00f6rer av larmutrustning. Larmen passar b\u00e5de f\u00f6r hem och f\u00f6retag och installeras av v\u00e5ra erfarna tekniker. L\u00e4s mer om v\u00e5ra <a href=\"https:\/\/sveabevakningstjanst.se\/?page_id=23\">larm fr\u00e5n Teletec h\u00e4r.<\/a><\/p>\n\n\n\n<p>Med v\u00e5ra produkter och v\u00e5r personliga service g\u00f6r vi din vardag tryggare. L\u00e5t oss skapa en s\u00e4ker milj\u00f6 med moderna \u00f6vervaknings- och larml\u00f6sningar som passar just dig.<\/p>\n<\/div>\n<\/div>\n\n\n\n<figure class=\"wp-block-image size-large\"><img loading=\"lazy\" decoding=\"async\" width=\"1024\" height=\"323\" src=\"https:\/\/sveabevakningstjanst.se\/wp-content\/uploads\/2024\/10\/Provision-ISR-Logo-on-white-background-1024x323.png\" alt=\"\" class=\"wp-image-128\" srcset=\"https:\/\/sveabevakningstjanst.se\/wp-content\/uploads\/2024\/10\/Provision-ISR-Logo-on-white-background-1024x323.png 1024w, https:\/\/sveabevakningstjanst.se\/wp-content\/uploads\/2024\/10\/Provision-ISR-Logo-on-white-background-300x95.png 300w, https:\/\/sveabevakningstjanst.se\/wp-content\/uploads\/2024\/10\/Provision-ISR-Logo-on-white-background-768x242.png 768w, https:\/\/sveabevakningstjanst.se\/wp-content\/uploads\/2024\/10\/Provision-ISR-Logo-on-white-background-1536x484.png 1536w, https:\/\/sveabevakningstjanst.se\/wp-content\/uploads\/2024\/10\/Provision-ISR-Logo-on-white-background-2048x646.png 2048w\" sizes=\"auto, (max-width: 1024px) 100vw, 1024px\" \/><\/figure>\n","protected":false},"excerpt":{"rendered":"<p>Trygghet och kontroll med smarta l\u00f6sningar Vi p\u00e5 Sveabevakningstj\u00e4nst s\u00e4tter din s\u00e4kerhet i f\u00f6rsta hand. D\u00e4rf\u00f6r erbjuder vi \u00f6vervakningskameror fr\u00e5n Provision ISR, en p\u00e5litlig leverant\u00f6r av s\u00e4kerhetsteknik. Vi hj\u00e4lper dig att hitta r\u00e4tt l\u00f6sning, oavsett om du beh\u00f6ver skydda ditt hem eller f\u00f6retag. V\u00e5ra tekniker installerar snabbt och smidigt, s\u00e5 att du alltid har full [&hellip;]<\/p>\n","protected":false},"author":1,"featured_media":0,"parent":0,"menu_order":0,"comment_status":"closed","ping_status":"closed","template":"","meta":{"footnotes":""},"class_list":["post-134","page","type-page","status-publish","hentry"],"yoast_head":"<!-- This site is optimized with the Yoast SEO plugin v27.4 - https:\/\/yoast.com\/product\/yoast-seo-wordpress\/ -->\n<title>Kamerabevakning - F\u00f6r din s\u00e4kerhet<\/title>\n<meta name=\"robots\" content=\"index, follow, max-snippet:-1, max-image-preview:large, max-video-preview:-1\" \/>\n<link rel=\"canonical\" href=\"https:\/\/sveabevakningstjanst.se\/?page_id=134\" \/>\n<meta property=\"og:locale\" content=\"sv_SE\" \/>\n<meta property=\"og:type\" content=\"article\" \/>\n<meta property=\"og:title\" content=\"Kamerabevakning - F\u00f6r din s\u00e4kerhet\" \/>\n<meta property=\"og:description\" content=\"Trygghet och kontroll med smarta l\u00f6sningar Vi p\u00e5 Sveabevakningstj\u00e4nst s\u00e4tter din s\u00e4kerhet i f\u00f6rsta hand. D\u00e4rf\u00f6r erbjuder vi \u00f6vervakningskameror fr\u00e5n Provision ISR, en p\u00e5litlig leverant\u00f6r av s\u00e4kerhetsteknik. Vi hj\u00e4lper dig att hitta r\u00e4tt l\u00f6sning, oavsett om du beh\u00f6ver skydda ditt hem eller f\u00f6retag. V\u00e5ra tekniker installerar snabbt och smidigt, s\u00e5 att du alltid har full [&hellip;]\" \/>\n<meta property=\"og:url\" content=\"https:\/\/sveabevakningstjanst.se\/?page_id=134\" \/>\n<meta property=\"og:site_name\" content=\"F\u00f6r din s\u00e4kerhet\" \/>\n<meta property=\"og:image\" content=\"https:\/\/sveabevakningstjanst.se\/wp-content\/uploads\/2024\/10\/Provision-ISR-Logo-on-white-background-1024x323.png\" \/>\n<meta name=\"twitter:card\" content=\"summary_large_image\" \/>\n<meta name=\"twitter:label1\" content=\"Ber\u00e4knad l\u00e4stid\" \/>\n\t<meta name=\"twitter:data1\" content=\"1 minut\" \/>\n<script type=\"application\/ld+json\" class=\"yoast-schema-graph\">{\"@context\":\"https:\\\/\\\/schema.org\",\"@graph\":[{\"@type\":\"WebPage\",\"@id\":\"https:\\\/\\\/sveabevakningstjanst.se\\\/?page_id=134\",\"url\":\"https:\\\/\\\/sveabevakningstjanst.se\\\/?page_id=134\",\"name\":\"Kamerabevakning - F\u00f6r din s\u00e4kerhet\",\"isPartOf\":{\"@id\":\"https:\\\/\\\/sveabevakningstjanst.se\\\/#website\"},\"primaryImageOfPage\":{\"@id\":\"https:\\\/\\\/sveabevakningstjanst.se\\\/?page_id=134#primaryimage\"},\"image\":{\"@id\":\"https:\\\/\\\/sveabevakningstjanst.se\\\/?page_id=134#primaryimage\"},\"thumbnailUrl\":\"https:\\\/\\\/sveabevakningstjanst.se\\\/wp-content\\\/uploads\\\/2024\\\/10\\\/Provision-ISR-Logo-on-white-background-1024x323.png\",\"datePublished\":\"2024-10-01T15:14:28+00:00\",\"breadcrumb\":{\"@id\":\"https:\\\/\\\/sveabevakningstjanst.se\\\/?page_id=134#breadcrumb\"},\"inLanguage\":\"sv-SE\",\"potentialAction\":[{\"@type\":\"ReadAction\",\"target\":[\"https:\\\/\\\/sveabevakningstjanst.se\\\/?page_id=134\"]}]},{\"@type\":\"ImageObject\",\"inLanguage\":\"sv-SE\",\"@id\":\"https:\\\/\\\/sveabevakningstjanst.se\\\/?page_id=134#primaryimage\",\"url\":\"https:\\\/\\\/sveabevakningstjanst.se\\\/wp-content\\\/uploads\\\/2024\\\/10\\\/Provision-ISR-Logo-on-white-background.png\",\"contentUrl\":\"https:\\\/\\\/sveabevakningstjanst.se\\\/wp-content\\\/uploads\\\/2024\\\/10\\\/Provision-ISR-Logo-on-white-background.png\",\"width\":2442,\"height\":770},{\"@type\":\"BreadcrumbList\",\"@id\":\"https:\\\/\\\/sveabevakningstjanst.se\\\/?page_id=134#breadcrumb\",\"itemListElement\":[{\"@type\":\"ListItem\",\"position\":1,\"name\":\"Hem\",\"item\":\"https:\\\/\\\/sveabevakningstjanst.se\\\/\"},{\"@type\":\"ListItem\",\"position\":2,\"name\":\"Kamerabevakning\"}]},{\"@type\":\"WebSite\",\"@id\":\"https:\\\/\\\/sveabevakningstjanst.se\\\/#website\",\"url\":\"https:\\\/\\\/sveabevakningstjanst.se\\\/\",\"name\":\"F\u00f6r din s\u00e4kerhet\",\"description\":\"\",\"publisher\":{\"@id\":\"https:\\\/\\\/sveabevakningstjanst.se\\\/#organization\"},\"potentialAction\":[{\"@type\":\"SearchAction\",\"target\":{\"@type\":\"EntryPoint\",\"urlTemplate\":\"https:\\\/\\\/sveabevakningstjanst.se\\\/?s={search_term_string}\"},\"query-input\":{\"@type\":\"PropertyValueSpecification\",\"valueRequired\":true,\"valueName\":\"search_term_string\"}}],\"inLanguage\":\"sv-SE\"},{\"@type\":\"Organization\",\"@id\":\"https:\\\/\\\/sveabevakningstjanst.se\\\/#organization\",\"name\":\"Sveabavakningstj\u00e4nst AB\",\"url\":\"https:\\\/\\\/sveabevakningstjanst.se\\\/\",\"logo\":{\"@type\":\"ImageObject\",\"inLanguage\":\"sv-SE\",\"@id\":\"https:\\\/\\\/sveabevakningstjanst.se\\\/#\\\/schema\\\/logo\\\/image\\\/\",\"url\":\"https:\\\/\\\/sveabevakningstjanst.se\\\/wp-content\\\/uploads\\\/2023\\\/12\\\/368603990_662369672413376_4406712747767754792_n-e1703192782472.png\",\"contentUrl\":\"https:\\\/\\\/sveabevakningstjanst.se\\\/wp-content\\\/uploads\\\/2023\\\/12\\\/368603990_662369672413376_4406712747767754792_n-e1703192782472.png\",\"width\":841,\"height\":338,\"caption\":\"Sveabavakningstj\u00e4nst AB\"},\"image\":{\"@id\":\"https:\\\/\\\/sveabevakningstjanst.se\\\/#\\\/schema\\\/logo\\\/image\\\/\"}}]}<\/script>\n<!-- \/ Yoast SEO plugin. -->","yoast_head_json":{"title":"Kamerabevakning - F\u00f6r din s\u00e4kerhet","robots":{"index":"index","follow":"follow","max-snippet":"max-snippet:-1","max-image-preview":"max-image-preview:large","max-video-preview":"max-video-preview:-1"},"canonical":"https:\/\/sveabevakningstjanst.se\/?page_id=134","og_locale":"sv_SE","og_type":"article","og_title":"Kamerabevakning - F\u00f6r din s\u00e4kerhet","og_description":"Trygghet och kontroll med smarta l\u00f6sningar Vi p\u00e5 Sveabevakningstj\u00e4nst s\u00e4tter din s\u00e4kerhet i f\u00f6rsta hand. D\u00e4rf\u00f6r erbjuder vi \u00f6vervakningskameror fr\u00e5n Provision ISR, en p\u00e5litlig leverant\u00f6r av s\u00e4kerhetsteknik. Vi hj\u00e4lper dig att hitta r\u00e4tt l\u00f6sning, oavsett om du beh\u00f6ver skydda ditt hem eller f\u00f6retag. V\u00e5ra tekniker installerar snabbt och smidigt, s\u00e5 att du alltid har full [&hellip;]","og_url":"https:\/\/sveabevakningstjanst.se\/?page_id=134","og_site_name":"F\u00f6r din s\u00e4kerhet","og_image":[{"url":"https:\/\/sveabevakningstjanst.se\/wp-content\/uploads\/2024\/10\/Provision-ISR-Logo-on-white-background-1024x323.png","type":"","width":"","height":""}],"twitter_card":"summary_large_image","twitter_misc":{"Ber\u00e4knad l\u00e4stid":"1 minut"},"schema":{"@context":"https:\/\/schema.org","@graph":[{"@type":"WebPage","@id":"https:\/\/sveabevakningstjanst.se\/?page_id=134","url":"https:\/\/sveabevakningstjanst.se\/?page_id=134","name":"Kamerabevakning - F\u00f6r din s\u00e4kerhet","isPartOf":{"@id":"https:\/\/sveabevakningstjanst.se\/#website"},"primaryImageOfPage":{"@id":"https:\/\/sveabevakningstjanst.se\/?page_id=134#primaryimage"},"image":{"@id":"https:\/\/sveabevakningstjanst.se\/?page_id=134#primaryimage"},"thumbnailUrl":"https:\/\/sveabevakningstjanst.se\/wp-content\/uploads\/2024\/10\/Provision-ISR-Logo-on-white-background-1024x323.png","datePublished":"2024-10-01T15:14:28+00:00","breadcrumb":{"@id":"https:\/\/sveabevakningstjanst.se\/?page_id=134#breadcrumb"},"inLanguage":"sv-SE","potentialAction":[{"@type":"ReadAction","target":["https:\/\/sveabevakningstjanst.se\/?page_id=134"]}]},{"@type":"ImageObject","inLanguage":"sv-SE","@id":"https:\/\/sveabevakningstjanst.se\/?page_id=134#primaryimage","url":"https:\/\/sveabevakningstjanst.se\/wp-content\/uploads\/2024\/10\/Provision-ISR-Logo-on-white-background.png","contentUrl":"https:\/\/sveabevakningstjanst.se\/wp-content\/uploads\/2024\/10\/Provision-ISR-Logo-on-white-background.png","width":2442,"height":770},{"@type":"BreadcrumbList","@id":"https:\/\/sveabevakningstjanst.se\/?page_id=134#breadcrumb","itemListElement":[{"@type":"ListItem","position":1,"name":"Hem","item":"https:\/\/sveabevakningstjanst.se\/"},{"@type":"ListItem","position":2,"name":"Kamerabevakning"}]},{"@type":"WebSite","@id":"https:\/\/sveabevakningstjanst.se\/#website","url":"https:\/\/sveabevakningstjanst.se\/","name":"F\u00f6r din s\u00e4kerhet","description":"","publisher":{"@id":"https:\/\/sveabevakningstjanst.se\/#organization"},"potentialAction":[{"@type":"SearchAction","target":{"@type":"EntryPoint","urlTemplate":"https:\/\/sveabevakningstjanst.se\/?s={search_term_string}"},"query-input":{"@type":"PropertyValueSpecification","valueRequired":true,"valueName":"search_term_string"}}],"inLanguage":"sv-SE"},{"@type":"Organization","@id":"https:\/\/sveabevakningstjanst.se\/#organization","name":"Sveabavakningstj\u00e4nst AB","url":"https:\/\/sveabevakningstjanst.se\/","logo":{"@type":"ImageObject","inLanguage":"sv-SE","@id":"https:\/\/sveabevakningstjanst.se\/#\/schema\/logo\/image\/","url":"https:\/\/sveabevakningstjanst.se\/wp-content\/uploads\/2023\/12\/368603990_662369672413376_4406712747767754792_n-e1703192782472.png","contentUrl":"https:\/\/sveabevakningstjanst.se\/wp-content\/uploads\/2023\/12\/368603990_662369672413376_4406712747767754792_n-e1703192782472.png","width":841,"height":338,"caption":"Sveabavakningstj\u00e4nst AB"},"image":{"@id":"https:\/\/sveabevakningstjanst.se\/#\/schema\/logo\/image\/"}}]}},"_links":{"self":[{"href":"https:\/\/sveabevakningstjanst.se\/index.php?rest_route=\/wp\/v2\/pages\/134","targetHints":{"allow":["GET"]}}],"collection":[{"href":"https:\/\/sveabevakningstjanst.se\/index.php?rest_route=\/wp\/v2\/pages"}],"about":[{"href":"https:\/\/sveabevakningstjanst.se\/index.php?rest_route=\/wp\/v2\/types\/page"}],"author":[{"embeddable":true,"href":"https:\/\/sveabevakningstjanst.se\/index.php?rest_route=\/wp\/v2\/users\/1"}],"replies":[{"embeddable":true,"href":"https:\/\/sveabevakningstjanst.se\/index.php?rest_route=%2Fwp%2Fv2%2Fcomments&post=134"}],"version-history":[{"count":1,"href":"https:\/\/sveabevakningstjanst.se\/index.php?rest_route=\/wp\/v2\/pages\/134\/revisions"}],"predecessor-version":[{"id":135,"href":"https:\/\/sveabevakningstjanst.se\/index.php?rest_route=\/wp\/v2\/pages\/134\/revisions\/135"}],"wp:attachment":[{"href":"https:\/\/sveabevakningstjanst.se\/index.php?rest_route=%2Fwp%2Fv2%2Fmedia&parent=134"}],"curies":[{"name":"wp","href":"https:\/\/api.w.org\/{rel}","templated":true}]}}