{"id":17,"date":"2023-12-21T21:18:57","date_gmt":"2023-12-21T21:18:57","guid":{"rendered":"https:\/\/sveabevakningstjanst.se\/?page_id=17"},"modified":"2024-03-03T16:31:52","modified_gmt":"2024-03-03T16:31:52","slug":"vaktare","status":"publish","type":"page","link":"https:\/\/sveabevakningstjanst.se\/?page_id=17","title":{"rendered":"V\u00e4ktare"},"content":{"rendered":"\n<div class=\"wp-block-columns alignwide is-layout-flex wp-container-core-columns-is-layout-28f84493 wp-block-columns-is-layout-flex\">\n<div class=\"wp-block-column is-layout-flow wp-block-column-is-layout-flow\">\n<figure class=\"wp-block-image size-large is-resized\"><img loading=\"lazy\" decoding=\"async\" width=\"768\" height=\"1024\" src=\"https:\/\/sveabevakningstjanst.se\/wp-content\/uploads\/2024\/03\/IMG_3388-1-768x1024.jpg\" alt=\"V\u00e4ktare i uniform\" class=\"wp-image-74\" style=\"width:452px;height:auto\" srcset=\"https:\/\/sveabevakningstjanst.se\/wp-content\/uploads\/2024\/03\/IMG_3388-1-768x1024.jpg 768w, https:\/\/sveabevakningstjanst.se\/wp-content\/uploads\/2024\/03\/IMG_3388-1-225x300.jpg 225w, https:\/\/sveabevakningstjanst.se\/wp-content\/uploads\/2024\/03\/IMG_3388-1-1152x1536.jpg 1152w, https:\/\/sveabevakningstjanst.se\/wp-content\/uploads\/2024\/03\/IMG_3388-1-1536x2048.jpg 1536w, https:\/\/sveabevakningstjanst.se\/wp-content\/uploads\/2024\/03\/IMG_3388-1-scaled.jpg 1920w\" sizes=\"auto, (max-width: 768px) 100vw, 768px\" \/><\/figure>\n<\/div>\n\n\n\n<div class=\"wp-block-column is-layout-flow wp-block-column-is-layout-flow\">\n<h2 class=\"wp-block-heading\">Beh\u00f6ver du station\u00e4r eller ronderande bevakning?<\/h2>\n\n\n\n<p>V\u00e5ra v\u00e4ktare \u00e4r redo.<\/p>\n\n\n\n<p>Vi anpassar oss efter varje uppdrag f\u00f6r att ni ska f\u00e5 den b\u00e4sta m\u00f6jliga s\u00e4kerheten. Trygghet,Service och Lyh\u00f6rdhet jobbar vi efter.<\/p>\n\n\n\n<p>Anlita v\u00e5ra v\u00e4ktare till bla:<\/p>\n\n\n\n<ul class=\"wp-block-list\">\n<li>L\u00e5sning, Uppl\u00e5sning<\/li>\n\n\n\n<li>Till-fr\u00e5nkoppling av larm<\/li>\n\n\n\n<li>Larm\u00f6vervakning samt larmutryckning<\/li>\n\n\n\n<li>Kontroll av in-utpassering<\/li>\n\n\n\n<li>Kontroll av in och utpassering<\/li>\n\n\n\n<li>Receptionstj\u00e4nster<\/li>\n\n\n\n<li>Rondering<\/li>\n<\/ul>\n<\/div>\n<\/div>\n","protected":false},"excerpt":{"rendered":"<p>Beh\u00f6ver du station\u00e4r eller ronderande bevakning? V\u00e5ra v\u00e4ktare \u00e4r redo. Vi anpassar oss efter varje uppdrag f\u00f6r att ni ska f\u00e5 den b\u00e4sta m\u00f6jliga s\u00e4kerheten. Trygghet,Service och Lyh\u00f6rdhet jobbar vi efter. Anlita v\u00e5ra v\u00e4ktare till bla:<\/p>\n","protected":false},"author":1,"featured_media":0,"parent":0,"menu_order":0,"comment_status":"closed","ping_status":"closed","template":"","meta":{"footnotes":""},"class_list":["post-17","page","type-page","status-publish","hentry"],"yoast_head":"<!-- This site is optimized with the Yoast SEO plugin v27.4 - https:\/\/yoast.com\/product\/yoast-seo-wordpress\/ -->\n<title>V\u00e4ktare - F\u00f6r din s\u00e4kerhet<\/title>\n<meta name=\"description\" content=\"Vi anpassar oss efter varje uppdrag f\u00f6r att ni ska f\u00e5 den b\u00e4sta m\u00f6jliga s\u00e4kerheten. Trygghet,Service och Lyh\u00f6rdhet jobbar vi efter\" \/>\n<meta name=\"robots\" content=\"index, follow, max-snippet:-1, max-image-preview:large, max-video-preview:-1\" \/>\n<link rel=\"canonical\" href=\"https:\/\/sveabevakningstjanst.se\/?page_id=17\" \/>\n<meta property=\"og:locale\" content=\"sv_SE\" \/>\n<meta property=\"og:type\" content=\"article\" \/>\n<meta property=\"og:title\" content=\"V\u00e4ktare - F\u00f6r din s\u00e4kerhet\" \/>\n<meta property=\"og:description\" content=\"Vi anpassar oss efter varje uppdrag f\u00f6r att ni ska f\u00e5 den b\u00e4sta m\u00f6jliga s\u00e4kerheten. Trygghet,Service och Lyh\u00f6rdhet jobbar vi efter\" \/>\n<meta property=\"og:url\" content=\"https:\/\/sveabevakningstjanst.se\/?page_id=17\" \/>\n<meta property=\"og:site_name\" content=\"F\u00f6r din s\u00e4kerhet\" \/>\n<meta property=\"article:modified_time\" content=\"2024-03-03T16:31:52+00:00\" \/>\n<meta property=\"og:image\" content=\"https:\/\/sveabevakningstjanst.se\/wp-content\/uploads\/2024\/03\/IMG_3388-1-768x1024.jpg\" \/>\n<meta name=\"twitter:card\" content=\"summary_large_image\" \/>\n<meta name=\"twitter:label1\" content=\"Ber\u00e4knad l\u00e4stid\" \/>\n\t<meta name=\"twitter:data1\" content=\"1 minut\" \/>\n<script type=\"application\/ld+json\" class=\"yoast-schema-graph\">{\"@context\":\"https:\\\/\\\/schema.org\",\"@graph\":[{\"@type\":\"WebPage\",\"@id\":\"https:\\\/\\\/sveabevakningstjanst.se\\\/?page_id=17\",\"url\":\"https:\\\/\\\/sveabevakningstjanst.se\\\/?page_id=17\",\"name\":\"V\u00e4ktare - F\u00f6r din s\u00e4kerhet\",\"isPartOf\":{\"@id\":\"https:\\\/\\\/sveabevakningstjanst.se\\\/#website\"},\"primaryImageOfPage\":{\"@id\":\"https:\\\/\\\/sveabevakningstjanst.se\\\/?page_id=17#primaryimage\"},\"image\":{\"@id\":\"https:\\\/\\\/sveabevakningstjanst.se\\\/?page_id=17#primaryimage\"},\"thumbnailUrl\":\"https:\\\/\\\/sveabevakningstjanst.se\\\/wp-content\\\/uploads\\\/2024\\\/03\\\/IMG_3388-1-768x1024.jpg\",\"datePublished\":\"2023-12-21T21:18:57+00:00\",\"dateModified\":\"2024-03-03T16:31:52+00:00\",\"description\":\"Vi anpassar oss efter varje uppdrag f\u00f6r att ni ska f\u00e5 den b\u00e4sta m\u00f6jliga s\u00e4kerheten. Trygghet,Service och Lyh\u00f6rdhet jobbar vi efter\",\"breadcrumb\":{\"@id\":\"https:\\\/\\\/sveabevakningstjanst.se\\\/?page_id=17#breadcrumb\"},\"inLanguage\":\"sv-SE\",\"potentialAction\":[{\"@type\":\"ReadAction\",\"target\":[\"https:\\\/\\\/sveabevakningstjanst.se\\\/?page_id=17\"]}]},{\"@type\":\"ImageObject\",\"inLanguage\":\"sv-SE\",\"@id\":\"https:\\\/\\\/sveabevakningstjanst.se\\\/?page_id=17#primaryimage\",\"url\":\"https:\\\/\\\/sveabevakningstjanst.se\\\/wp-content\\\/uploads\\\/2024\\\/03\\\/IMG_3388-1-scaled.jpg\",\"contentUrl\":\"https:\\\/\\\/sveabevakningstjanst.se\\\/wp-content\\\/uploads\\\/2024\\\/03\\\/IMG_3388-1-scaled.jpg\",\"width\":1920,\"height\":2560},{\"@type\":\"BreadcrumbList\",\"@id\":\"https:\\\/\\\/sveabevakningstjanst.se\\\/?page_id=17#breadcrumb\",\"itemListElement\":[{\"@type\":\"ListItem\",\"position\":1,\"name\":\"Hem\",\"item\":\"https:\\\/\\\/sveabevakningstjanst.se\\\/\"},{\"@type\":\"ListItem\",\"position\":2,\"name\":\"V\u00e4ktare\"}]},{\"@type\":\"WebSite\",\"@id\":\"https:\\\/\\\/sveabevakningstjanst.se\\\/#website\",\"url\":\"https:\\\/\\\/sveabevakningstjanst.se\\\/\",\"name\":\"F\u00f6r din s\u00e4kerhet\",\"description\":\"\",\"publisher\":{\"@id\":\"https:\\\/\\\/sveabevakningstjanst.se\\\/#organization\"},\"potentialAction\":[{\"@type\":\"SearchAction\",\"target\":{\"@type\":\"EntryPoint\",\"urlTemplate\":\"https:\\\/\\\/sveabevakningstjanst.se\\\/?s={search_term_string}\"},\"query-input\":{\"@type\":\"PropertyValueSpecification\",\"valueRequired\":true,\"valueName\":\"search_term_string\"}}],\"inLanguage\":\"sv-SE\"},{\"@type\":\"Organization\",\"@id\":\"https:\\\/\\\/sveabevakningstjanst.se\\\/#organization\",\"name\":\"Sveabavakningstj\u00e4nst AB\",\"url\":\"https:\\\/\\\/sveabevakningstjanst.se\\\/\",\"logo\":{\"@type\":\"ImageObject\",\"inLanguage\":\"sv-SE\",\"@id\":\"https:\\\/\\\/sveabevakningstjanst.se\\\/#\\\/schema\\\/logo\\\/image\\\/\",\"url\":\"https:\\\/\\\/sveabevakningstjanst.se\\\/wp-content\\\/uploads\\\/2023\\\/12\\\/368603990_662369672413376_4406712747767754792_n-e1703192782472.png\",\"contentUrl\":\"https:\\\/\\\/sveabevakningstjanst.se\\\/wp-content\\\/uploads\\\/2023\\\/12\\\/368603990_662369672413376_4406712747767754792_n-e1703192782472.png\",\"width\":841,\"height\":338,\"caption\":\"Sveabavakningstj\u00e4nst AB\"},\"image\":{\"@id\":\"https:\\\/\\\/sveabevakningstjanst.se\\\/#\\\/schema\\\/logo\\\/image\\\/\"}}]}<\/script>\n<!-- \/ Yoast SEO plugin. -->","yoast_head_json":{"title":"V\u00e4ktare - F\u00f6r din s\u00e4kerhet","description":"Vi anpassar oss efter varje uppdrag f\u00f6r att ni ska f\u00e5 den b\u00e4sta m\u00f6jliga s\u00e4kerheten. Trygghet,Service och Lyh\u00f6rdhet jobbar vi efter","robots":{"index":"index","follow":"follow","max-snippet":"max-snippet:-1","max-image-preview":"max-image-preview:large","max-video-preview":"max-video-preview:-1"},"canonical":"https:\/\/sveabevakningstjanst.se\/?page_id=17","og_locale":"sv_SE","og_type":"article","og_title":"V\u00e4ktare - F\u00f6r din s\u00e4kerhet","og_description":"Vi anpassar oss efter varje uppdrag f\u00f6r att ni ska f\u00e5 den b\u00e4sta m\u00f6jliga s\u00e4kerheten. Trygghet,Service och Lyh\u00f6rdhet jobbar vi efter","og_url":"https:\/\/sveabevakningstjanst.se\/?page_id=17","og_site_name":"F\u00f6r din s\u00e4kerhet","article_modified_time":"2024-03-03T16:31:52+00:00","og_image":[{"url":"https:\/\/sveabevakningstjanst.se\/wp-content\/uploads\/2024\/03\/IMG_3388-1-768x1024.jpg","type":"","width":"","height":""}],"twitter_card":"summary_large_image","twitter_misc":{"Ber\u00e4knad l\u00e4stid":"1 minut"},"schema":{"@context":"https:\/\/schema.org","@graph":[{"@type":"WebPage","@id":"https:\/\/sveabevakningstjanst.se\/?page_id=17","url":"https:\/\/sveabevakningstjanst.se\/?page_id=17","name":"V\u00e4ktare - F\u00f6r din s\u00e4kerhet","isPartOf":{"@id":"https:\/\/sveabevakningstjanst.se\/#website"},"primaryImageOfPage":{"@id":"https:\/\/sveabevakningstjanst.se\/?page_id=17#primaryimage"},"image":{"@id":"https:\/\/sveabevakningstjanst.se\/?page_id=17#primaryimage"},"thumbnailUrl":"https:\/\/sveabevakningstjanst.se\/wp-content\/uploads\/2024\/03\/IMG_3388-1-768x1024.jpg","datePublished":"2023-12-21T21:18:57+00:00","dateModified":"2024-03-03T16:31:52+00:00","description":"Vi anpassar oss efter varje uppdrag f\u00f6r att ni ska f\u00e5 den b\u00e4sta m\u00f6jliga s\u00e4kerheten. Trygghet,Service och Lyh\u00f6rdhet jobbar vi efter","breadcrumb":{"@id":"https:\/\/sveabevakningstjanst.se\/?page_id=17#breadcrumb"},"inLanguage":"sv-SE","potentialAction":[{"@type":"ReadAction","target":["https:\/\/sveabevakningstjanst.se\/?page_id=17"]}]},{"@type":"ImageObject","inLanguage":"sv-SE","@id":"https:\/\/sveabevakningstjanst.se\/?page_id=17#primaryimage","url":"https:\/\/sveabevakningstjanst.se\/wp-content\/uploads\/2024\/03\/IMG_3388-1-scaled.jpg","contentUrl":"https:\/\/sveabevakningstjanst.se\/wp-content\/uploads\/2024\/03\/IMG_3388-1-scaled.jpg","width":1920,"height":2560},{"@type":"BreadcrumbList","@id":"https:\/\/sveabevakningstjanst.se\/?page_id=17#breadcrumb","itemListElement":[{"@type":"ListItem","position":1,"name":"Hem","item":"https:\/\/sveabevakningstjanst.se\/"},{"@type":"ListItem","position":2,"name":"V\u00e4ktare"}]},{"@type":"WebSite","@id":"https:\/\/sveabevakningstjanst.se\/#website","url":"https:\/\/sveabevakningstjanst.se\/","name":"F\u00f6r din s\u00e4kerhet","description":"","publisher":{"@id":"https:\/\/sveabevakningstjanst.se\/#organization"},"potentialAction":[{"@type":"SearchAction","target":{"@type":"EntryPoint","urlTemplate":"https:\/\/sveabevakningstjanst.se\/?s={search_term_string}"},"query-input":{"@type":"PropertyValueSpecification","valueRequired":true,"valueName":"search_term_string"}}],"inLanguage":"sv-SE"},{"@type":"Organization","@id":"https:\/\/sveabevakningstjanst.se\/#organization","name":"Sveabavakningstj\u00e4nst AB","url":"https:\/\/sveabevakningstjanst.se\/","logo":{"@type":"ImageObject","inLanguage":"sv-SE","@id":"https:\/\/sveabevakningstjanst.se\/#\/schema\/logo\/image\/","url":"https:\/\/sveabevakningstjanst.se\/wp-content\/uploads\/2023\/12\/368603990_662369672413376_4406712747767754792_n-e1703192782472.png","contentUrl":"https:\/\/sveabevakningstjanst.se\/wp-content\/uploads\/2023\/12\/368603990_662369672413376_4406712747767754792_n-e1703192782472.png","width":841,"height":338,"caption":"Sveabavakningstj\u00e4nst AB"},"image":{"@id":"https:\/\/sveabevakningstjanst.se\/#\/schema\/logo\/image\/"}}]}},"_links":{"self":[{"href":"https:\/\/sveabevakningstjanst.se\/index.php?rest_route=\/wp\/v2\/pages\/17","targetHints":{"allow":["GET"]}}],"collection":[{"href":"https:\/\/sveabevakningstjanst.se\/index.php?rest_route=\/wp\/v2\/pages"}],"about":[{"href":"https:\/\/sveabevakningstjanst.se\/index.php?rest_route=\/wp\/v2\/types\/page"}],"author":[{"embeddable":true,"href":"https:\/\/sveabevakningstjanst.se\/index.php?rest_route=\/wp\/v2\/users\/1"}],"replies":[{"embeddable":true,"href":"https:\/\/sveabevakningstjanst.se\/index.php?rest_route=%2Fwp%2Fv2%2Fcomments&post=17"}],"version-history":[{"count":6,"href":"https:\/\/sveabevakningstjanst.se\/index.php?rest_route=\/wp\/v2\/pages\/17\/revisions"}],"predecessor-version":[{"id":120,"href":"https:\/\/sveabevakningstjanst.se\/index.php?rest_route=\/wp\/v2\/pages\/17\/revisions\/120"}],"wp:attachment":[{"href":"https:\/\/sveabevakningstjanst.se\/index.php?rest_route=%2Fwp%2Fv2%2Fmedia&parent=17"}],"curies":[{"name":"wp","href":"https:\/\/api.w.org\/{rel}","templated":true}]}}