{"id":19,"date":"2023-12-21T21:19:16","date_gmt":"2023-12-21T21:19:16","guid":{"rendered":"https:\/\/sveabevakningstjanst.se\/?page_id=19"},"modified":"2024-03-03T16:28:55","modified_gmt":"2024-03-03T16:28:55","slug":"entrevardar","status":"publish","type":"page","link":"https:\/\/sveabevakningstjanst.se\/?page_id=19","title":{"rendered":"Entr\u00e9v\u00e4rdar"},"content":{"rendered":"\n<div class=\"wp-block-columns alignwide is-layout-flex wp-container-core-columns-is-layout-28f84493 wp-block-columns-is-layout-flex\">\n<div class=\"wp-block-column is-layout-flow wp-block-column-is-layout-flow\">\n<figure class=\"wp-block-image size-full\"><img loading=\"lazy\" decoding=\"async\" width=\"756\" height=\"1008\" src=\"https:\/\/sveabevakningstjanst.se\/wp-content\/uploads\/2023\/12\/Resized_20231006_2316141.jpeg\" alt=\"Entr\u00e9v\u00e4rd koller legitimation vid entr\u00e9n\" class=\"wp-image-15\" srcset=\"https:\/\/sveabevakningstjanst.se\/wp-content\/uploads\/2023\/12\/Resized_20231006_2316141.jpeg 756w, https:\/\/sveabevakningstjanst.se\/wp-content\/uploads\/2023\/12\/Resized_20231006_2316141-225x300.jpeg 225w\" sizes=\"auto, (max-width: 756px) 100vw, 756px\" \/><\/figure>\n<\/div>\n\n\n\n<div class=\"wp-block-column is-layout-flow wp-block-column-is-layout-flow\">\n<h2 class=\"wp-block-heading\">Vill ni att era g\u00e4ster ska f\u00e5 ett professionelt bem\u00f6tande i entre\u00b4n?<\/h2>\n\n\n\n<p>V\u00e5ra Entr\u00e9v\u00e4rdar har erfarenhet av m\u00f6ten med m\u00e4nniskor och jobbar alltid med ett leende p\u00e5 l\u00e4pparna. Dom kontrollerar \u00e5lder samt nykterheten p\u00e5 g\u00e4sterna som kommer.<\/p>\n\n\n\n<p>Genom att anlita en entre`v\u00e4rd s\u00e5 h\u00e5ller du koll p\u00e5 vad det kommer in f\u00f6r g\u00e4ster.<\/p>\n\n\n\n<p>Vi kan \u00e4ven leverera publikv\u00e4rdar som \u00e4ven sk\u00f6ter visitation och annan service.<\/p>\n\n\n\n<div class=\"wp-block-buttons is-layout-flex wp-block-buttons-is-layout-flex\">\n<div class=\"wp-block-button\"><a class=\"wp-block-button__link wp-element-button\" href=\"call:073-0847151\">073-0847151<\/a><\/div>\n<\/div>\n<\/div>\n<\/div>\n\n\n\n<div class=\"wp-block-buttons is-layout-flex wp-block-buttons-is-layout-flex\"><\/div>\n","protected":false},"excerpt":{"rendered":"<p>Vill ni att era g\u00e4ster ska f\u00e5 ett professionelt bem\u00f6tande i entre\u00b4n? V\u00e5ra Entr\u00e9v\u00e4rdar har erfarenhet av m\u00f6ten med m\u00e4nniskor och jobbar alltid med ett leende p\u00e5 l\u00e4pparna. Dom kontrollerar \u00e5lder samt nykterheten p\u00e5 g\u00e4sterna som kommer. Genom att anlita en entre`v\u00e4rd s\u00e5 h\u00e5ller du koll p\u00e5 vad det kommer in f\u00f6r g\u00e4ster. Vi kan [&hellip;]<\/p>\n","protected":false},"author":1,"featured_media":0,"parent":0,"menu_order":0,"comment_status":"closed","ping_status":"closed","template":"","meta":{"footnotes":""},"class_list":["post-19","page","type-page","status-publish","hentry"],"yoast_head":"<!-- This site is optimized with the Yoast SEO plugin v27.4 - https:\/\/yoast.com\/product\/yoast-seo-wordpress\/ -->\n<title>Entr\u00e9v\u00e4rdar - F\u00f6r din s\u00e4kerhet<\/title>\n<meta name=\"description\" content=\"V\u00e5ra Entr\u00e9v\u00e4rdar har erfarenhet av m\u00f6ten med m\u00e4nniskor och jobbar alltid med ett leende p\u00e5 l\u00e4pparna. Dom kontrollerar \u00e5lder samt nykterheten p\u00e5 g\u00e4sterna som kommer.\" \/>\n<meta name=\"robots\" content=\"index, follow, max-snippet:-1, max-image-preview:large, max-video-preview:-1\" \/>\n<link rel=\"canonical\" href=\"https:\/\/sveabevakningstjanst.se\/?page_id=19\" \/>\n<meta property=\"og:locale\" content=\"sv_SE\" \/>\n<meta property=\"og:type\" content=\"article\" \/>\n<meta property=\"og:title\" content=\"Entr\u00e9v\u00e4rdar - F\u00f6r din s\u00e4kerhet\" \/>\n<meta property=\"og:description\" content=\"V\u00e5ra Entr\u00e9v\u00e4rdar har erfarenhet av m\u00f6ten med m\u00e4nniskor och jobbar alltid med ett leende p\u00e5 l\u00e4pparna. Dom kontrollerar \u00e5lder samt nykterheten p\u00e5 g\u00e4sterna som kommer.\" \/>\n<meta property=\"og:url\" content=\"https:\/\/sveabevakningstjanst.se\/?page_id=19\" \/>\n<meta property=\"og:site_name\" content=\"F\u00f6r din s\u00e4kerhet\" \/>\n<meta property=\"article:modified_time\" content=\"2024-03-03T16:28:55+00:00\" \/>\n<meta property=\"og:image\" content=\"https:\/\/sveabevakningstjanst.se\/wp-content\/uploads\/2023\/12\/Resized_20231006_2316141.jpeg\" \/>\n<meta name=\"twitter:card\" content=\"summary_large_image\" \/>\n<meta name=\"twitter:label1\" content=\"Ber\u00e4knad l\u00e4stid\" \/>\n\t<meta name=\"twitter:data1\" content=\"1 minut\" \/>\n<script type=\"application\/ld+json\" class=\"yoast-schema-graph\">{\"@context\":\"https:\\\/\\\/schema.org\",\"@graph\":[{\"@type\":\"WebPage\",\"@id\":\"https:\\\/\\\/sveabevakningstjanst.se\\\/?page_id=19\",\"url\":\"https:\\\/\\\/sveabevakningstjanst.se\\\/?page_id=19\",\"name\":\"Entr\u00e9v\u00e4rdar - F\u00f6r din s\u00e4kerhet\",\"isPartOf\":{\"@id\":\"https:\\\/\\\/sveabevakningstjanst.se\\\/#website\"},\"primaryImageOfPage\":{\"@id\":\"https:\\\/\\\/sveabevakningstjanst.se\\\/?page_id=19#primaryimage\"},\"image\":{\"@id\":\"https:\\\/\\\/sveabevakningstjanst.se\\\/?page_id=19#primaryimage\"},\"thumbnailUrl\":\"https:\\\/\\\/sveabevakningstjanst.se\\\/wp-content\\\/uploads\\\/2023\\\/12\\\/Resized_20231006_2316141.jpeg\",\"datePublished\":\"2023-12-21T21:19:16+00:00\",\"dateModified\":\"2024-03-03T16:28:55+00:00\",\"description\":\"V\u00e5ra Entr\u00e9v\u00e4rdar har erfarenhet av m\u00f6ten med m\u00e4nniskor och jobbar alltid med ett leende p\u00e5 l\u00e4pparna. Dom kontrollerar \u00e5lder samt nykterheten p\u00e5 g\u00e4sterna som kommer.\",\"breadcrumb\":{\"@id\":\"https:\\\/\\\/sveabevakningstjanst.se\\\/?page_id=19#breadcrumb\"},\"inLanguage\":\"sv-SE\",\"potentialAction\":[{\"@type\":\"ReadAction\",\"target\":[\"https:\\\/\\\/sveabevakningstjanst.se\\\/?page_id=19\"]}]},{\"@type\":\"ImageObject\",\"inLanguage\":\"sv-SE\",\"@id\":\"https:\\\/\\\/sveabevakningstjanst.se\\\/?page_id=19#primaryimage\",\"url\":\"https:\\\/\\\/sveabevakningstjanst.se\\\/wp-content\\\/uploads\\\/2023\\\/12\\\/Resized_20231006_2316141.jpeg\",\"contentUrl\":\"https:\\\/\\\/sveabevakningstjanst.se\\\/wp-content\\\/uploads\\\/2023\\\/12\\\/Resized_20231006_2316141.jpeg\",\"width\":756,\"height\":1008},{\"@type\":\"BreadcrumbList\",\"@id\":\"https:\\\/\\\/sveabevakningstjanst.se\\\/?page_id=19#breadcrumb\",\"itemListElement\":[{\"@type\":\"ListItem\",\"position\":1,\"name\":\"Hem\",\"item\":\"https:\\\/\\\/sveabevakningstjanst.se\\\/\"},{\"@type\":\"ListItem\",\"position\":2,\"name\":\"Entr\u00e9v\u00e4rdar\"}]},{\"@type\":\"WebSite\",\"@id\":\"https:\\\/\\\/sveabevakningstjanst.se\\\/#website\",\"url\":\"https:\\\/\\\/sveabevakningstjanst.se\\\/\",\"name\":\"F\u00f6r din s\u00e4kerhet\",\"description\":\"\",\"publisher\":{\"@id\":\"https:\\\/\\\/sveabevakningstjanst.se\\\/#organization\"},\"potentialAction\":[{\"@type\":\"SearchAction\",\"target\":{\"@type\":\"EntryPoint\",\"urlTemplate\":\"https:\\\/\\\/sveabevakningstjanst.se\\\/?s={search_term_string}\"},\"query-input\":{\"@type\":\"PropertyValueSpecification\",\"valueRequired\":true,\"valueName\":\"search_term_string\"}}],\"inLanguage\":\"sv-SE\"},{\"@type\":\"Organization\",\"@id\":\"https:\\\/\\\/sveabevakningstjanst.se\\\/#organization\",\"name\":\"Sveabavakningstj\u00e4nst AB\",\"url\":\"https:\\\/\\\/sveabevakningstjanst.se\\\/\",\"logo\":{\"@type\":\"ImageObject\",\"inLanguage\":\"sv-SE\",\"@id\":\"https:\\\/\\\/sveabevakningstjanst.se\\\/#\\\/schema\\\/logo\\\/image\\\/\",\"url\":\"https:\\\/\\\/sveabevakningstjanst.se\\\/wp-content\\\/uploads\\\/2023\\\/12\\\/368603990_662369672413376_4406712747767754792_n-e1703192782472.png\",\"contentUrl\":\"https:\\\/\\\/sveabevakningstjanst.se\\\/wp-content\\\/uploads\\\/2023\\\/12\\\/368603990_662369672413376_4406712747767754792_n-e1703192782472.png\",\"width\":841,\"height\":338,\"caption\":\"Sveabavakningstj\u00e4nst AB\"},\"image\":{\"@id\":\"https:\\\/\\\/sveabevakningstjanst.se\\\/#\\\/schema\\\/logo\\\/image\\\/\"}}]}<\/script>\n<!-- \/ Yoast SEO plugin. -->","yoast_head_json":{"title":"Entr\u00e9v\u00e4rdar - F\u00f6r din s\u00e4kerhet","description":"V\u00e5ra Entr\u00e9v\u00e4rdar har erfarenhet av m\u00f6ten med m\u00e4nniskor och jobbar alltid med ett leende p\u00e5 l\u00e4pparna. Dom kontrollerar \u00e5lder samt nykterheten p\u00e5 g\u00e4sterna som kommer.","robots":{"index":"index","follow":"follow","max-snippet":"max-snippet:-1","max-image-preview":"max-image-preview:large","max-video-preview":"max-video-preview:-1"},"canonical":"https:\/\/sveabevakningstjanst.se\/?page_id=19","og_locale":"sv_SE","og_type":"article","og_title":"Entr\u00e9v\u00e4rdar - F\u00f6r din s\u00e4kerhet","og_description":"V\u00e5ra Entr\u00e9v\u00e4rdar har erfarenhet av m\u00f6ten med m\u00e4nniskor och jobbar alltid med ett leende p\u00e5 l\u00e4pparna. Dom kontrollerar \u00e5lder samt nykterheten p\u00e5 g\u00e4sterna som kommer.","og_url":"https:\/\/sveabevakningstjanst.se\/?page_id=19","og_site_name":"F\u00f6r din s\u00e4kerhet","article_modified_time":"2024-03-03T16:28:55+00:00","og_image":[{"url":"https:\/\/sveabevakningstjanst.se\/wp-content\/uploads\/2023\/12\/Resized_20231006_2316141.jpeg","type":"","width":"","height":""}],"twitter_card":"summary_large_image","twitter_misc":{"Ber\u00e4knad l\u00e4stid":"1 minut"},"schema":{"@context":"https:\/\/schema.org","@graph":[{"@type":"WebPage","@id":"https:\/\/sveabevakningstjanst.se\/?page_id=19","url":"https:\/\/sveabevakningstjanst.se\/?page_id=19","name":"Entr\u00e9v\u00e4rdar - F\u00f6r din s\u00e4kerhet","isPartOf":{"@id":"https:\/\/sveabevakningstjanst.se\/#website"},"primaryImageOfPage":{"@id":"https:\/\/sveabevakningstjanst.se\/?page_id=19#primaryimage"},"image":{"@id":"https:\/\/sveabevakningstjanst.se\/?page_id=19#primaryimage"},"thumbnailUrl":"https:\/\/sveabevakningstjanst.se\/wp-content\/uploads\/2023\/12\/Resized_20231006_2316141.jpeg","datePublished":"2023-12-21T21:19:16+00:00","dateModified":"2024-03-03T16:28:55+00:00","description":"V\u00e5ra Entr\u00e9v\u00e4rdar har erfarenhet av m\u00f6ten med m\u00e4nniskor och jobbar alltid med ett leende p\u00e5 l\u00e4pparna. Dom kontrollerar \u00e5lder samt nykterheten p\u00e5 g\u00e4sterna som kommer.","breadcrumb":{"@id":"https:\/\/sveabevakningstjanst.se\/?page_id=19#breadcrumb"},"inLanguage":"sv-SE","potentialAction":[{"@type":"ReadAction","target":["https:\/\/sveabevakningstjanst.se\/?page_id=19"]}]},{"@type":"ImageObject","inLanguage":"sv-SE","@id":"https:\/\/sveabevakningstjanst.se\/?page_id=19#primaryimage","url":"https:\/\/sveabevakningstjanst.se\/wp-content\/uploads\/2023\/12\/Resized_20231006_2316141.jpeg","contentUrl":"https:\/\/sveabevakningstjanst.se\/wp-content\/uploads\/2023\/12\/Resized_20231006_2316141.jpeg","width":756,"height":1008},{"@type":"BreadcrumbList","@id":"https:\/\/sveabevakningstjanst.se\/?page_id=19#breadcrumb","itemListElement":[{"@type":"ListItem","position":1,"name":"Hem","item":"https:\/\/sveabevakningstjanst.se\/"},{"@type":"ListItem","position":2,"name":"Entr\u00e9v\u00e4rdar"}]},{"@type":"WebSite","@id":"https:\/\/sveabevakningstjanst.se\/#website","url":"https:\/\/sveabevakningstjanst.se\/","name":"F\u00f6r din s\u00e4kerhet","description":"","publisher":{"@id":"https:\/\/sveabevakningstjanst.se\/#organization"},"potentialAction":[{"@type":"SearchAction","target":{"@type":"EntryPoint","urlTemplate":"https:\/\/sveabevakningstjanst.se\/?s={search_term_string}"},"query-input":{"@type":"PropertyValueSpecification","valueRequired":true,"valueName":"search_term_string"}}],"inLanguage":"sv-SE"},{"@type":"Organization","@id":"https:\/\/sveabevakningstjanst.se\/#organization","name":"Sveabavakningstj\u00e4nst AB","url":"https:\/\/sveabevakningstjanst.se\/","logo":{"@type":"ImageObject","inLanguage":"sv-SE","@id":"https:\/\/sveabevakningstjanst.se\/#\/schema\/logo\/image\/","url":"https:\/\/sveabevakningstjanst.se\/wp-content\/uploads\/2023\/12\/368603990_662369672413376_4406712747767754792_n-e1703192782472.png","contentUrl":"https:\/\/sveabevakningstjanst.se\/wp-content\/uploads\/2023\/12\/368603990_662369672413376_4406712747767754792_n-e1703192782472.png","width":841,"height":338,"caption":"Sveabavakningstj\u00e4nst AB"},"image":{"@id":"https:\/\/sveabevakningstjanst.se\/#\/schema\/logo\/image\/"}}]}},"_links":{"self":[{"href":"https:\/\/sveabevakningstjanst.se\/index.php?rest_route=\/wp\/v2\/pages\/19","targetHints":{"allow":["GET"]}}],"collection":[{"href":"https:\/\/sveabevakningstjanst.se\/index.php?rest_route=\/wp\/v2\/pages"}],"about":[{"href":"https:\/\/sveabevakningstjanst.se\/index.php?rest_route=\/wp\/v2\/types\/page"}],"author":[{"embeddable":true,"href":"https:\/\/sveabevakningstjanst.se\/index.php?rest_route=\/wp\/v2\/users\/1"}],"replies":[{"embeddable":true,"href":"https:\/\/sveabevakningstjanst.se\/index.php?rest_route=%2Fwp%2Fv2%2Fcomments&post=19"}],"version-history":[{"count":6,"href":"https:\/\/sveabevakningstjanst.se\/index.php?rest_route=\/wp\/v2\/pages\/19\/revisions"}],"predecessor-version":[{"id":115,"href":"https:\/\/sveabevakningstjanst.se\/index.php?rest_route=\/wp\/v2\/pages\/19\/revisions\/115"}],"wp:attachment":[{"href":"https:\/\/sveabevakningstjanst.se\/index.php?rest_route=%2Fwp%2Fv2%2Fmedia&parent=19"}],"curies":[{"name":"wp","href":"https:\/\/api.w.org\/{rel}","templated":true}]}}