{"id":2,"date":"2016-05-10T03:48:21","date_gmt":"2016-05-10T03:48:21","guid":{"rendered":"https:\/\/sveabevakningstjanst.se\/?page_id=2"},"modified":"2024-03-03T16:29:52","modified_gmt":"2024-03-03T16:29:52","slug":"ordningsvakter","status":"publish","type":"page","link":"https:\/\/sveabevakningstjanst.se\/?page_id=2","title":{"rendered":"Ordningsvakter"},"content":{"rendered":"\n<div class=\"wp-block-columns alignwide is-layout-flex wp-container-core-columns-is-layout-28f84493 wp-block-columns-is-layout-flex\">\n<div class=\"wp-block-column is-layout-flow wp-block-column-is-layout-flow\">\n<figure class=\"wp-block-gallery has-nested-images columns-default is-cropped wp-block-gallery-1 is-layout-flex wp-block-gallery-is-layout-flex\">\n<figure class=\"wp-block-image size-large\"><img loading=\"lazy\" decoding=\"async\" width=\"768\" height=\"1024\" data-id=\"10\" src=\"https:\/\/sveabevakningstjanst.se\/wp-content\/uploads\/2023\/12\/IMG_4442-768x1024.jpeg\" alt=\"Ordningsvakt arbetar p\u00e5 nattklubb\" class=\"wp-image-10\" srcset=\"https:\/\/sveabevakningstjanst.se\/wp-content\/uploads\/2023\/12\/IMG_4442-768x1024.jpeg 768w, https:\/\/sveabevakningstjanst.se\/wp-content\/uploads\/2023\/12\/IMG_4442-225x300.jpeg 225w, https:\/\/sveabevakningstjanst.se\/wp-content\/uploads\/2023\/12\/IMG_4442-1152x1536.jpeg 1152w, https:\/\/sveabevakningstjanst.se\/wp-content\/uploads\/2023\/12\/IMG_4442-1536x2048.jpeg 1536w, https:\/\/sveabevakningstjanst.se\/wp-content\/uploads\/2023\/12\/IMG_4442-scaled.jpeg 1920w\" sizes=\"auto, (max-width: 768px) 100vw, 768px\" \/><\/figure>\n<\/figure>\n<\/div>\n\n\n\n<div class=\"wp-block-column is-layout-flow wp-block-column-is-layout-flow\">\n<h2 class=\"wp-block-heading\">Trygg p\u00e5 plats<\/h2>\n\n\n\n<p>V\u00e5ra Ordningsvakter har l\u00e5ng och bred erfarenhet inom branschen.<\/p>\n\n\n\n<p>Inget uppdrag \u00e4r det andra likt, s\u00e5 vi skr\u00e4ddarsyr v\u00e5ra ordningsvakters uppgifter.<\/p>\n\n\n\n<p>Ordningsvakter \u00e4r polisens f\u00f6rl\u00e4ngda arm, dom har vissa polisi\u00e4ra befogenheter.<\/p>\n\n\n\n<p>Ordningsvaktens jobb \u00e4r att uppr\u00e4tth\u00e5lla den allm\u00e4nna ordningen.<\/p>\n\n\n\n<p>Vi arbetar alltid med h\u00f6g servicek\u00e4nsla f\u00f6r att leverera den b\u00e4sta tryggheten.<\/p>\n\n\n\n<p>S\u00e5 \u00e4r ni i behov av ordningsvakter tex p\u00e5 Natklubbar,Restauranger,Centrumanl\u00e4ggningar,Konserter,Festivaler,Sportarrangemang s\u00e5 har vi l\u00f6sningen f\u00f6r er.<\/p>\n\n\n\n<div class=\"wp-block-buttons is-layout-flex wp-block-buttons-is-layout-flex\">\n<div class=\"wp-block-button\"><a class=\"wp-block-button__link wp-element-button\" href=\"call:073-0847151\">073-0847151<\/a><\/div>\n<\/div>\n<\/div>\n<\/div>\n","protected":false},"excerpt":{"rendered":"<p>Trygg p\u00e5 plats V\u00e5ra Ordningsvakter har l\u00e5ng och bred erfarenhet inom branschen. Inget uppdrag \u00e4r det andra likt, s\u00e5 vi skr\u00e4ddarsyr v\u00e5ra ordningsvakters uppgifter. Ordningsvakter \u00e4r polisens f\u00f6rl\u00e4ngda arm, dom har vissa polisi\u00e4ra befogenheter. Ordningsvaktens jobb \u00e4r att uppr\u00e4tth\u00e5lla den allm\u00e4nna ordningen. Vi arbetar alltid med h\u00f6g servicek\u00e4nsla f\u00f6r att leverera den b\u00e4sta tryggheten. S\u00e5 [&hellip;]<\/p>\n","protected":false},"author":1,"featured_media":0,"parent":0,"menu_order":0,"comment_status":"closed","ping_status":"closed","template":"","meta":{"footnotes":""},"class_list":["post-2","page","type-page","status-publish","hentry"],"yoast_head":"<!-- This site is optimized with the Yoast SEO plugin v27.4 - https:\/\/yoast.com\/product\/yoast-seo-wordpress\/ -->\n<title>Ordningsvakter - F\u00f6r din s\u00e4kerhet<\/title>\n<meta name=\"description\" content=\"V\u00e5ra Ordningsvakter har l\u00e5ng och bred erfarenhet inom branschen. Inget uppdrag \u00e4r det andra likt, s\u00e5 vi skr\u00e4ddarsyr v\u00e5ra ordningsvakters uppgifter.\" \/>\n<meta name=\"robots\" content=\"index, follow, max-snippet:-1, max-image-preview:large, max-video-preview:-1\" \/>\n<link rel=\"canonical\" href=\"https:\/\/sveabevakningstjanst.se\/?page_id=2\" \/>\n<meta property=\"og:locale\" content=\"sv_SE\" \/>\n<meta property=\"og:type\" content=\"article\" \/>\n<meta property=\"og:title\" content=\"Ordningsvakter - F\u00f6r din s\u00e4kerhet\" \/>\n<meta property=\"og:description\" content=\"V\u00e5ra Ordningsvakter har l\u00e5ng och bred erfarenhet inom branschen. Inget uppdrag \u00e4r det andra likt, s\u00e5 vi skr\u00e4ddarsyr v\u00e5ra ordningsvakters uppgifter.\" \/>\n<meta property=\"og:url\" content=\"https:\/\/sveabevakningstjanst.se\/?page_id=2\" \/>\n<meta property=\"og:site_name\" content=\"F\u00f6r din s\u00e4kerhet\" \/>\n<meta property=\"article:modified_time\" content=\"2024-03-03T16:29:52+00:00\" \/>\n<meta property=\"og:image\" content=\"https:\/\/sveabevakningstjanst.se\/wp-content\/uploads\/2023\/12\/IMG_4442-768x1024.jpeg\" \/>\n<meta name=\"twitter:card\" content=\"summary_large_image\" \/>\n<meta name=\"twitter:label1\" content=\"Ber\u00e4knad l\u00e4stid\" \/>\n\t<meta name=\"twitter:data1\" content=\"1 minut\" \/>\n<script type=\"application\/ld+json\" class=\"yoast-schema-graph\">{\"@context\":\"https:\\\/\\\/schema.org\",\"@graph\":[{\"@type\":\"WebPage\",\"@id\":\"https:\\\/\\\/sveabevakningstjanst.se\\\/?page_id=2\",\"url\":\"https:\\\/\\\/sveabevakningstjanst.se\\\/?page_id=2\",\"name\":\"Ordningsvakter - F\u00f6r din s\u00e4kerhet\",\"isPartOf\":{\"@id\":\"https:\\\/\\\/sveabevakningstjanst.se\\\/#website\"},\"primaryImageOfPage\":{\"@id\":\"https:\\\/\\\/sveabevakningstjanst.se\\\/?page_id=2#primaryimage\"},\"image\":{\"@id\":\"https:\\\/\\\/sveabevakningstjanst.se\\\/?page_id=2#primaryimage\"},\"thumbnailUrl\":\"https:\\\/\\\/sveabevakningstjanst.se\\\/wp-content\\\/uploads\\\/2023\\\/12\\\/IMG_4442-768x1024.jpeg\",\"datePublished\":\"2016-05-10T03:48:21+00:00\",\"dateModified\":\"2024-03-03T16:29:52+00:00\",\"description\":\"V\u00e5ra Ordningsvakter har l\u00e5ng och bred erfarenhet inom branschen. Inget uppdrag \u00e4r det andra likt, s\u00e5 vi skr\u00e4ddarsyr v\u00e5ra ordningsvakters uppgifter.\",\"breadcrumb\":{\"@id\":\"https:\\\/\\\/sveabevakningstjanst.se\\\/?page_id=2#breadcrumb\"},\"inLanguage\":\"sv-SE\",\"potentialAction\":[{\"@type\":\"ReadAction\",\"target\":[\"https:\\\/\\\/sveabevakningstjanst.se\\\/?page_id=2\"]}]},{\"@type\":\"ImageObject\",\"inLanguage\":\"sv-SE\",\"@id\":\"https:\\\/\\\/sveabevakningstjanst.se\\\/?page_id=2#primaryimage\",\"url\":\"https:\\\/\\\/sveabevakningstjanst.se\\\/wp-content\\\/uploads\\\/2023\\\/12\\\/IMG_4442-scaled.jpeg\",\"contentUrl\":\"https:\\\/\\\/sveabevakningstjanst.se\\\/wp-content\\\/uploads\\\/2023\\\/12\\\/IMG_4442-scaled.jpeg\",\"width\":1920,\"height\":2560},{\"@type\":\"BreadcrumbList\",\"@id\":\"https:\\\/\\\/sveabevakningstjanst.se\\\/?page_id=2#breadcrumb\",\"itemListElement\":[{\"@type\":\"ListItem\",\"position\":1,\"name\":\"Hem\",\"item\":\"https:\\\/\\\/sveabevakningstjanst.se\\\/\"},{\"@type\":\"ListItem\",\"position\":2,\"name\":\"Ordningsvakter\"}]},{\"@type\":\"WebSite\",\"@id\":\"https:\\\/\\\/sveabevakningstjanst.se\\\/#website\",\"url\":\"https:\\\/\\\/sveabevakningstjanst.se\\\/\",\"name\":\"F\u00f6r din s\u00e4kerhet\",\"description\":\"\",\"publisher\":{\"@id\":\"https:\\\/\\\/sveabevakningstjanst.se\\\/#organization\"},\"potentialAction\":[{\"@type\":\"SearchAction\",\"target\":{\"@type\":\"EntryPoint\",\"urlTemplate\":\"https:\\\/\\\/sveabevakningstjanst.se\\\/?s={search_term_string}\"},\"query-input\":{\"@type\":\"PropertyValueSpecification\",\"valueRequired\":true,\"valueName\":\"search_term_string\"}}],\"inLanguage\":\"sv-SE\"},{\"@type\":\"Organization\",\"@id\":\"https:\\\/\\\/sveabevakningstjanst.se\\\/#organization\",\"name\":\"Sveabavakningstj\u00e4nst AB\",\"url\":\"https:\\\/\\\/sveabevakningstjanst.se\\\/\",\"logo\":{\"@type\":\"ImageObject\",\"inLanguage\":\"sv-SE\",\"@id\":\"https:\\\/\\\/sveabevakningstjanst.se\\\/#\\\/schema\\\/logo\\\/image\\\/\",\"url\":\"https:\\\/\\\/sveabevakningstjanst.se\\\/wp-content\\\/uploads\\\/2023\\\/12\\\/368603990_662369672413376_4406712747767754792_n-e1703192782472.png\",\"contentUrl\":\"https:\\\/\\\/sveabevakningstjanst.se\\\/wp-content\\\/uploads\\\/2023\\\/12\\\/368603990_662369672413376_4406712747767754792_n-e1703192782472.png\",\"width\":841,\"height\":338,\"caption\":\"Sveabavakningstj\u00e4nst AB\"},\"image\":{\"@id\":\"https:\\\/\\\/sveabevakningstjanst.se\\\/#\\\/schema\\\/logo\\\/image\\\/\"}}]}<\/script>\n<!-- \/ Yoast SEO plugin. -->","yoast_head_json":{"title":"Ordningsvakter - F\u00f6r din s\u00e4kerhet","description":"V\u00e5ra Ordningsvakter har l\u00e5ng och bred erfarenhet inom branschen. Inget uppdrag \u00e4r det andra likt, s\u00e5 vi skr\u00e4ddarsyr v\u00e5ra ordningsvakters uppgifter.","robots":{"index":"index","follow":"follow","max-snippet":"max-snippet:-1","max-image-preview":"max-image-preview:large","max-video-preview":"max-video-preview:-1"},"canonical":"https:\/\/sveabevakningstjanst.se\/?page_id=2","og_locale":"sv_SE","og_type":"article","og_title":"Ordningsvakter - F\u00f6r din s\u00e4kerhet","og_description":"V\u00e5ra Ordningsvakter har l\u00e5ng och bred erfarenhet inom branschen. Inget uppdrag \u00e4r det andra likt, s\u00e5 vi skr\u00e4ddarsyr v\u00e5ra ordningsvakters uppgifter.","og_url":"https:\/\/sveabevakningstjanst.se\/?page_id=2","og_site_name":"F\u00f6r din s\u00e4kerhet","article_modified_time":"2024-03-03T16:29:52+00:00","og_image":[{"url":"https:\/\/sveabevakningstjanst.se\/wp-content\/uploads\/2023\/12\/IMG_4442-768x1024.jpeg","type":"","width":"","height":""}],"twitter_card":"summary_large_image","twitter_misc":{"Ber\u00e4knad l\u00e4stid":"1 minut"},"schema":{"@context":"https:\/\/schema.org","@graph":[{"@type":"WebPage","@id":"https:\/\/sveabevakningstjanst.se\/?page_id=2","url":"https:\/\/sveabevakningstjanst.se\/?page_id=2","name":"Ordningsvakter - F\u00f6r din s\u00e4kerhet","isPartOf":{"@id":"https:\/\/sveabevakningstjanst.se\/#website"},"primaryImageOfPage":{"@id":"https:\/\/sveabevakningstjanst.se\/?page_id=2#primaryimage"},"image":{"@id":"https:\/\/sveabevakningstjanst.se\/?page_id=2#primaryimage"},"thumbnailUrl":"https:\/\/sveabevakningstjanst.se\/wp-content\/uploads\/2023\/12\/IMG_4442-768x1024.jpeg","datePublished":"2016-05-10T03:48:21+00:00","dateModified":"2024-03-03T16:29:52+00:00","description":"V\u00e5ra Ordningsvakter har l\u00e5ng och bred erfarenhet inom branschen. Inget uppdrag \u00e4r det andra likt, s\u00e5 vi skr\u00e4ddarsyr v\u00e5ra ordningsvakters uppgifter.","breadcrumb":{"@id":"https:\/\/sveabevakningstjanst.se\/?page_id=2#breadcrumb"},"inLanguage":"sv-SE","potentialAction":[{"@type":"ReadAction","target":["https:\/\/sveabevakningstjanst.se\/?page_id=2"]}]},{"@type":"ImageObject","inLanguage":"sv-SE","@id":"https:\/\/sveabevakningstjanst.se\/?page_id=2#primaryimage","url":"https:\/\/sveabevakningstjanst.se\/wp-content\/uploads\/2023\/12\/IMG_4442-scaled.jpeg","contentUrl":"https:\/\/sveabevakningstjanst.se\/wp-content\/uploads\/2023\/12\/IMG_4442-scaled.jpeg","width":1920,"height":2560},{"@type":"BreadcrumbList","@id":"https:\/\/sveabevakningstjanst.se\/?page_id=2#breadcrumb","itemListElement":[{"@type":"ListItem","position":1,"name":"Hem","item":"https:\/\/sveabevakningstjanst.se\/"},{"@type":"ListItem","position":2,"name":"Ordningsvakter"}]},{"@type":"WebSite","@id":"https:\/\/sveabevakningstjanst.se\/#website","url":"https:\/\/sveabevakningstjanst.se\/","name":"F\u00f6r din s\u00e4kerhet","description":"","publisher":{"@id":"https:\/\/sveabevakningstjanst.se\/#organization"},"potentialAction":[{"@type":"SearchAction","target":{"@type":"EntryPoint","urlTemplate":"https:\/\/sveabevakningstjanst.se\/?s={search_term_string}"},"query-input":{"@type":"PropertyValueSpecification","valueRequired":true,"valueName":"search_term_string"}}],"inLanguage":"sv-SE"},{"@type":"Organization","@id":"https:\/\/sveabevakningstjanst.se\/#organization","name":"Sveabavakningstj\u00e4nst AB","url":"https:\/\/sveabevakningstjanst.se\/","logo":{"@type":"ImageObject","inLanguage":"sv-SE","@id":"https:\/\/sveabevakningstjanst.se\/#\/schema\/logo\/image\/","url":"https:\/\/sveabevakningstjanst.se\/wp-content\/uploads\/2023\/12\/368603990_662369672413376_4406712747767754792_n-e1703192782472.png","contentUrl":"https:\/\/sveabevakningstjanst.se\/wp-content\/uploads\/2023\/12\/368603990_662369672413376_4406712747767754792_n-e1703192782472.png","width":841,"height":338,"caption":"Sveabavakningstj\u00e4nst AB"},"image":{"@id":"https:\/\/sveabevakningstjanst.se\/#\/schema\/logo\/image\/"}}]}},"_links":{"self":[{"href":"https:\/\/sveabevakningstjanst.se\/index.php?rest_route=\/wp\/v2\/pages\/2","targetHints":{"allow":["GET"]}}],"collection":[{"href":"https:\/\/sveabevakningstjanst.se\/index.php?rest_route=\/wp\/v2\/pages"}],"about":[{"href":"https:\/\/sveabevakningstjanst.se\/index.php?rest_route=\/wp\/v2\/types\/page"}],"author":[{"embeddable":true,"href":"https:\/\/sveabevakningstjanst.se\/index.php?rest_route=\/wp\/v2\/users\/1"}],"replies":[{"embeddable":true,"href":"https:\/\/sveabevakningstjanst.se\/index.php?rest_route=%2Fwp%2Fv2%2Fcomments&post=2"}],"version-history":[{"count":5,"href":"https:\/\/sveabevakningstjanst.se\/index.php?rest_route=\/wp\/v2\/pages\/2\/revisions"}],"predecessor-version":[{"id":116,"href":"https:\/\/sveabevakningstjanst.se\/index.php?rest_route=\/wp\/v2\/pages\/2\/revisions\/116"}],"wp:attachment":[{"href":"https:\/\/sveabevakningstjanst.se\/index.php?rest_route=%2Fwp%2Fv2%2Fmedia&parent=2"}],"curies":[{"name":"wp","href":"https:\/\/api.w.org\/{rel}","templated":true}]}}