{"id":21,"date":"2023-12-21T21:19:41","date_gmt":"2023-12-21T21:19:41","guid":{"rendered":"https:\/\/sveabevakningstjanst.se\/?page_id=21"},"modified":"2024-03-03T16:30:48","modified_gmt":"2024-03-03T16:30:48","slug":"parkeringsvakter","status":"publish","type":"page","link":"https:\/\/sveabevakningstjanst.se\/?page_id=21","title":{"rendered":"Parkeringsvakter"},"content":{"rendered":"\n<div class=\"wp-block-columns alignwide is-layout-flex wp-container-core-columns-is-layout-28f84493 wp-block-columns-is-layout-flex\">\n<div class=\"wp-block-column is-layout-flow wp-block-column-is-layout-flow\">\n<figure class=\"wp-block-image size-large\"><img loading=\"lazy\" decoding=\"async\" width=\"1024\" height=\"768\" src=\"https:\/\/sveabevakningstjanst.se\/wp-content\/uploads\/2024\/03\/IMG_6266-2-1024x768.jpg\" alt=\"Parkeringsplats\" class=\"wp-image-117\" srcset=\"https:\/\/sveabevakningstjanst.se\/wp-content\/uploads\/2024\/03\/IMG_6266-2-1024x768.jpg 1024w, https:\/\/sveabevakningstjanst.se\/wp-content\/uploads\/2024\/03\/IMG_6266-2-300x225.jpg 300w, https:\/\/sveabevakningstjanst.se\/wp-content\/uploads\/2024\/03\/IMG_6266-2-768x576.jpg 768w, https:\/\/sveabevakningstjanst.se\/wp-content\/uploads\/2024\/03\/IMG_6266-2-1536x1152.jpg 1536w, https:\/\/sveabevakningstjanst.se\/wp-content\/uploads\/2024\/03\/IMG_6266-2.jpg 2000w\" sizes=\"auto, (max-width: 1024px) 100vw, 1024px\" \/><\/figure>\n<\/div>\n\n\n\n<div class=\"wp-block-column is-layout-flow wp-block-column-is-layout-flow\">\n<h2 class=\"wp-block-heading\">Ordning och reda<\/h2>\n\n\n\n<p>Vi anser att en bra parkeringsplats skapar trygghet i hela omr\u00e5det.<\/p>\n\n\n\n<p>En l\u00f6sning som passar kunden skr\u00e4ddarsys alltid<\/p>\n\n\n\n<p>Anlita v\u00e5ra parkeringsvakter och m\u00e4rk skillnaden.<\/p>\n\n\n\n<div class=\"wp-block-buttons is-layout-flex wp-block-buttons-is-layout-flex\">\n<div class=\"wp-block-button\"><a class=\"wp-block-button__link wp-element-button\" href=\"call:073-0847151\">073-0847151<\/a><\/div>\n<\/div>\n<\/div>\n<\/div>\n","protected":false},"excerpt":{"rendered":"<p>Ordning och reda Vi anser att en bra parkeringsplats skapar trygghet i hela omr\u00e5det. En l\u00f6sning som passar kunden skr\u00e4ddarsys alltid Anlita v\u00e5ra parkeringsvakter och m\u00e4rk skillnaden.<\/p>\n","protected":false},"author":1,"featured_media":0,"parent":0,"menu_order":0,"comment_status":"closed","ping_status":"closed","template":"","meta":{"footnotes":""},"class_list":["post-21","page","type-page","status-publish","hentry"],"yoast_head":"<!-- This site is optimized with the Yoast SEO plugin v27.4 - https:\/\/yoast.com\/product\/yoast-seo-wordpress\/ -->\n<title>Parkeringsvakter - F\u00f6r din s\u00e4kerhet<\/title>\n<meta name=\"description\" content=\"Vi anser att en bra parkeringsplats skapar trygghet i hela omr\u00e5det. En l\u00f6sning som passar kunden skr\u00e4ddarsys alltid\" \/>\n<meta name=\"robots\" content=\"index, follow, max-snippet:-1, max-image-preview:large, max-video-preview:-1\" \/>\n<link rel=\"canonical\" href=\"https:\/\/sveabevakningstjanst.se\/?page_id=21\" \/>\n<meta property=\"og:locale\" content=\"sv_SE\" \/>\n<meta property=\"og:type\" content=\"article\" \/>\n<meta property=\"og:title\" content=\"Parkeringsvakter - F\u00f6r din s\u00e4kerhet\" \/>\n<meta property=\"og:description\" content=\"Vi anser att en bra parkeringsplats skapar trygghet i hela omr\u00e5det. En l\u00f6sning som passar kunden skr\u00e4ddarsys alltid\" \/>\n<meta property=\"og:url\" content=\"https:\/\/sveabevakningstjanst.se\/?page_id=21\" \/>\n<meta property=\"og:site_name\" content=\"F\u00f6r din s\u00e4kerhet\" \/>\n<meta property=\"article:modified_time\" content=\"2024-03-03T16:30:48+00:00\" \/>\n<meta property=\"og:image\" content=\"https:\/\/sveabevakningstjanst.se\/wp-content\/uploads\/2024\/03\/IMG_6266-2-1024x768.jpg\" \/>\n<meta name=\"twitter:card\" content=\"summary_large_image\" \/>\n<meta name=\"twitter:label1\" content=\"Ber\u00e4knad l\u00e4stid\" \/>\n\t<meta name=\"twitter:data1\" content=\"1 minut\" \/>\n<script type=\"application\/ld+json\" class=\"yoast-schema-graph\">{\"@context\":\"https:\\\/\\\/schema.org\",\"@graph\":[{\"@type\":\"WebPage\",\"@id\":\"https:\\\/\\\/sveabevakningstjanst.se\\\/?page_id=21\",\"url\":\"https:\\\/\\\/sveabevakningstjanst.se\\\/?page_id=21\",\"name\":\"Parkeringsvakter - F\u00f6r din s\u00e4kerhet\",\"isPartOf\":{\"@id\":\"https:\\\/\\\/sveabevakningstjanst.se\\\/#website\"},\"primaryImageOfPage\":{\"@id\":\"https:\\\/\\\/sveabevakningstjanst.se\\\/?page_id=21#primaryimage\"},\"image\":{\"@id\":\"https:\\\/\\\/sveabevakningstjanst.se\\\/?page_id=21#primaryimage\"},\"thumbnailUrl\":\"https:\\\/\\\/sveabevakningstjanst.se\\\/wp-content\\\/uploads\\\/2024\\\/03\\\/IMG_6266-2-1024x768.jpg\",\"datePublished\":\"2023-12-21T21:19:41+00:00\",\"dateModified\":\"2024-03-03T16:30:48+00:00\",\"description\":\"Vi anser att en bra parkeringsplats skapar trygghet i hela omr\u00e5det. En l\u00f6sning som passar kunden skr\u00e4ddarsys alltid\",\"breadcrumb\":{\"@id\":\"https:\\\/\\\/sveabevakningstjanst.se\\\/?page_id=21#breadcrumb\"},\"inLanguage\":\"sv-SE\",\"potentialAction\":[{\"@type\":\"ReadAction\",\"target\":[\"https:\\\/\\\/sveabevakningstjanst.se\\\/?page_id=21\"]}]},{\"@type\":\"ImageObject\",\"inLanguage\":\"sv-SE\",\"@id\":\"https:\\\/\\\/sveabevakningstjanst.se\\\/?page_id=21#primaryimage\",\"url\":\"https:\\\/\\\/sveabevakningstjanst.se\\\/wp-content\\\/uploads\\\/2024\\\/03\\\/IMG_6266-2.jpg\",\"contentUrl\":\"https:\\\/\\\/sveabevakningstjanst.se\\\/wp-content\\\/uploads\\\/2024\\\/03\\\/IMG_6266-2.jpg\",\"width\":2000,\"height\":1500},{\"@type\":\"BreadcrumbList\",\"@id\":\"https:\\\/\\\/sveabevakningstjanst.se\\\/?page_id=21#breadcrumb\",\"itemListElement\":[{\"@type\":\"ListItem\",\"position\":1,\"name\":\"Hem\",\"item\":\"https:\\\/\\\/sveabevakningstjanst.se\\\/\"},{\"@type\":\"ListItem\",\"position\":2,\"name\":\"Parkeringsvakter\"}]},{\"@type\":\"WebSite\",\"@id\":\"https:\\\/\\\/sveabevakningstjanst.se\\\/#website\",\"url\":\"https:\\\/\\\/sveabevakningstjanst.se\\\/\",\"name\":\"F\u00f6r din s\u00e4kerhet\",\"description\":\"\",\"publisher\":{\"@id\":\"https:\\\/\\\/sveabevakningstjanst.se\\\/#organization\"},\"potentialAction\":[{\"@type\":\"SearchAction\",\"target\":{\"@type\":\"EntryPoint\",\"urlTemplate\":\"https:\\\/\\\/sveabevakningstjanst.se\\\/?s={search_term_string}\"},\"query-input\":{\"@type\":\"PropertyValueSpecification\",\"valueRequired\":true,\"valueName\":\"search_term_string\"}}],\"inLanguage\":\"sv-SE\"},{\"@type\":\"Organization\",\"@id\":\"https:\\\/\\\/sveabevakningstjanst.se\\\/#organization\",\"name\":\"Sveabavakningstj\u00e4nst AB\",\"url\":\"https:\\\/\\\/sveabevakningstjanst.se\\\/\",\"logo\":{\"@type\":\"ImageObject\",\"inLanguage\":\"sv-SE\",\"@id\":\"https:\\\/\\\/sveabevakningstjanst.se\\\/#\\\/schema\\\/logo\\\/image\\\/\",\"url\":\"https:\\\/\\\/sveabevakningstjanst.se\\\/wp-content\\\/uploads\\\/2023\\\/12\\\/368603990_662369672413376_4406712747767754792_n-e1703192782472.png\",\"contentUrl\":\"https:\\\/\\\/sveabevakningstjanst.se\\\/wp-content\\\/uploads\\\/2023\\\/12\\\/368603990_662369672413376_4406712747767754792_n-e1703192782472.png\",\"width\":841,\"height\":338,\"caption\":\"Sveabavakningstj\u00e4nst AB\"},\"image\":{\"@id\":\"https:\\\/\\\/sveabevakningstjanst.se\\\/#\\\/schema\\\/logo\\\/image\\\/\"}}]}<\/script>\n<!-- \/ Yoast SEO plugin. -->","yoast_head_json":{"title":"Parkeringsvakter - F\u00f6r din s\u00e4kerhet","description":"Vi anser att en bra parkeringsplats skapar trygghet i hela omr\u00e5det. En l\u00f6sning som passar kunden skr\u00e4ddarsys alltid","robots":{"index":"index","follow":"follow","max-snippet":"max-snippet:-1","max-image-preview":"max-image-preview:large","max-video-preview":"max-video-preview:-1"},"canonical":"https:\/\/sveabevakningstjanst.se\/?page_id=21","og_locale":"sv_SE","og_type":"article","og_title":"Parkeringsvakter - F\u00f6r din s\u00e4kerhet","og_description":"Vi anser att en bra parkeringsplats skapar trygghet i hela omr\u00e5det. En l\u00f6sning som passar kunden skr\u00e4ddarsys alltid","og_url":"https:\/\/sveabevakningstjanst.se\/?page_id=21","og_site_name":"F\u00f6r din s\u00e4kerhet","article_modified_time":"2024-03-03T16:30:48+00:00","og_image":[{"url":"https:\/\/sveabevakningstjanst.se\/wp-content\/uploads\/2024\/03\/IMG_6266-2-1024x768.jpg","type":"","width":"","height":""}],"twitter_card":"summary_large_image","twitter_misc":{"Ber\u00e4knad l\u00e4stid":"1 minut"},"schema":{"@context":"https:\/\/schema.org","@graph":[{"@type":"WebPage","@id":"https:\/\/sveabevakningstjanst.se\/?page_id=21","url":"https:\/\/sveabevakningstjanst.se\/?page_id=21","name":"Parkeringsvakter - F\u00f6r din s\u00e4kerhet","isPartOf":{"@id":"https:\/\/sveabevakningstjanst.se\/#website"},"primaryImageOfPage":{"@id":"https:\/\/sveabevakningstjanst.se\/?page_id=21#primaryimage"},"image":{"@id":"https:\/\/sveabevakningstjanst.se\/?page_id=21#primaryimage"},"thumbnailUrl":"https:\/\/sveabevakningstjanst.se\/wp-content\/uploads\/2024\/03\/IMG_6266-2-1024x768.jpg","datePublished":"2023-12-21T21:19:41+00:00","dateModified":"2024-03-03T16:30:48+00:00","description":"Vi anser att en bra parkeringsplats skapar trygghet i hela omr\u00e5det. En l\u00f6sning som passar kunden skr\u00e4ddarsys alltid","breadcrumb":{"@id":"https:\/\/sveabevakningstjanst.se\/?page_id=21#breadcrumb"},"inLanguage":"sv-SE","potentialAction":[{"@type":"ReadAction","target":["https:\/\/sveabevakningstjanst.se\/?page_id=21"]}]},{"@type":"ImageObject","inLanguage":"sv-SE","@id":"https:\/\/sveabevakningstjanst.se\/?page_id=21#primaryimage","url":"https:\/\/sveabevakningstjanst.se\/wp-content\/uploads\/2024\/03\/IMG_6266-2.jpg","contentUrl":"https:\/\/sveabevakningstjanst.se\/wp-content\/uploads\/2024\/03\/IMG_6266-2.jpg","width":2000,"height":1500},{"@type":"BreadcrumbList","@id":"https:\/\/sveabevakningstjanst.se\/?page_id=21#breadcrumb","itemListElement":[{"@type":"ListItem","position":1,"name":"Hem","item":"https:\/\/sveabevakningstjanst.se\/"},{"@type":"ListItem","position":2,"name":"Parkeringsvakter"}]},{"@type":"WebSite","@id":"https:\/\/sveabevakningstjanst.se\/#website","url":"https:\/\/sveabevakningstjanst.se\/","name":"F\u00f6r din s\u00e4kerhet","description":"","publisher":{"@id":"https:\/\/sveabevakningstjanst.se\/#organization"},"potentialAction":[{"@type":"SearchAction","target":{"@type":"EntryPoint","urlTemplate":"https:\/\/sveabevakningstjanst.se\/?s={search_term_string}"},"query-input":{"@type":"PropertyValueSpecification","valueRequired":true,"valueName":"search_term_string"}}],"inLanguage":"sv-SE"},{"@type":"Organization","@id":"https:\/\/sveabevakningstjanst.se\/#organization","name":"Sveabavakningstj\u00e4nst AB","url":"https:\/\/sveabevakningstjanst.se\/","logo":{"@type":"ImageObject","inLanguage":"sv-SE","@id":"https:\/\/sveabevakningstjanst.se\/#\/schema\/logo\/image\/","url":"https:\/\/sveabevakningstjanst.se\/wp-content\/uploads\/2023\/12\/368603990_662369672413376_4406712747767754792_n-e1703192782472.png","contentUrl":"https:\/\/sveabevakningstjanst.se\/wp-content\/uploads\/2023\/12\/368603990_662369672413376_4406712747767754792_n-e1703192782472.png","width":841,"height":338,"caption":"Sveabavakningstj\u00e4nst AB"},"image":{"@id":"https:\/\/sveabevakningstjanst.se\/#\/schema\/logo\/image\/"}}]}},"_links":{"self":[{"href":"https:\/\/sveabevakningstjanst.se\/index.php?rest_route=\/wp\/v2\/pages\/21","targetHints":{"allow":["GET"]}}],"collection":[{"href":"https:\/\/sveabevakningstjanst.se\/index.php?rest_route=\/wp\/v2\/pages"}],"about":[{"href":"https:\/\/sveabevakningstjanst.se\/index.php?rest_route=\/wp\/v2\/types\/page"}],"author":[{"embeddable":true,"href":"https:\/\/sveabevakningstjanst.se\/index.php?rest_route=\/wp\/v2\/users\/1"}],"replies":[{"embeddable":true,"href":"https:\/\/sveabevakningstjanst.se\/index.php?rest_route=%2Fwp%2Fv2%2Fcomments&post=21"}],"version-history":[{"count":6,"href":"https:\/\/sveabevakningstjanst.se\/index.php?rest_route=\/wp\/v2\/pages\/21\/revisions"}],"predecessor-version":[{"id":119,"href":"https:\/\/sveabevakningstjanst.se\/index.php?rest_route=\/wp\/v2\/pages\/21\/revisions\/119"}],"wp:attachment":[{"href":"https:\/\/sveabevakningstjanst.se\/index.php?rest_route=%2Fwp%2Fv2%2Fmedia&parent=21"}],"curies":[{"name":"wp","href":"https:\/\/api.w.org\/{rel}","templated":true}]}}